{"id":1507,"date":"2021-03-14T13:23:26","date_gmt":"2021-03-14T16:23:26","guid":{"rendered":"http:\/\/ingenieriacabrera.com.ar\/nuevo\/?page_id=1507"},"modified":"2021-03-19T22:15:54","modified_gmt":"2021-03-20T01:15:54","slug":"electrificacion","status":"publish","type":"page","link":"http:\/\/ingenieriacabrera.com.ar\/nuevo\/electrificacion\/","title":{"rendered":"Electrificaci\u00f3n"},"content":{"rendered":"<!-- Added by Post\/Page Specific Custom Code plugin, thank you for using! -->\n<style>.work-section::before {\r\n    content: '';\r\n    position: absolute;\r\n    background-color: rgba(0,0,0,0.6);\r\n    left: 0px;\r\n    top: 0px;\r\n    width: 100%;\r\n    height: 100%;\r\n}\r\n\r\n\r\n.page-breadcrumb{\r\n    display: none;\r\n}<\/style>\n<p><section class=\"kc-elm kc-css-840297 kc_row\"><div class=\"kc-row-container\"><div class=\"kc-wrap-columns\"><div class=\"kc-elm kc-css-478841 kc_col-sm-12 kc_column kc_col-sm-12\"><div class=\"kc-col-container\"><div data-kc-equalheight=\"true\" data-kc-row-action=\"true\" data-kc-equalheight-align=\"middle\" class=\"kc-elm kc-css-847017 kc_row kc_row_inner\"><div class=\"news-block-three\"><div class=\"kc-elm kc-css-256777 kc_col-sm-4 kc_column_inner kc_col-sm-4\"><div class=\"kc_wrapper kc-col-inner-container\"><div class=\"kc-elm kc-css-410078 kc_shortcode kc_single_image\">\n\n        <a rel=\"prettyPhoto\" class=\"kc-pretty-photo\" href=\"http:\/\/ingenieriacabrera.com.ar\/nuevo\/wp-content\/uploads\/2021\/03\/electrificacion_01.jpg\" title=\"\" target=\"\">\n        <img decoding=\"async\" src=\"http:\/\/ingenieriacabrera.com.ar\/nuevo\/wp-content\/uploads\/2021\/03\/electrificacion_01-300x156.jpg\" class=\"\" alt=\"\" \/>    <\/a>\n    <\/div>\n<\/div><\/div><div class=\"kc-elm kc-css-382695 kc_col-sm-8 kc_column_inner kc_col-sm-8\"><div class=\"kc_wrapper kc-col-inner-container\"><div class=\"kc-elm kc-css-118804 kc_text_block\"><\/p>\n<h3>BLINDOBARRAS (Blindo Trolley)<\/h3>\n<div>\n<p>La l\u00ednea protegida constituye un sistema moderno, anti-accidentes, con tomas de corriente desplazables, para la electrificaci\u00f3n de equipos m\u00f3viles: gr\u00faas, polipastos, etc.<\/p>\n<p>Respondiendo a las normas nacionales e internacionales, ofrece la m\u00e1xima garant\u00eda contra contactos accidentales, un r\u00e1pido montaje y seguridad de servicio.<\/p>\n<p><span class=\"moduleDesc\">\u00a0<\/span><\/p>\n<\/div>\n<p>\n<\/div>\n<div class=\"kc-elm kc-css-195938 theme-btn\">\n\t<a class=\"kc_button btn-style-one\" href=\"https:\/\/ingenieriacabrera.com.ar\/nuevo\/contacto\/\" target=\"_self\" title=\"Enviar consulta\" onclick=\"\">\n\t\tEnviar consulta\t<\/a>\n<\/div>\n<\/div><\/div><\/div><\/div><\/div><\/div><\/div><\/div><\/section><section class=\"kc-elm kc-css-56083 kc_row\"><div class=\"kc-row-container\"><div class=\"kc-wrap-columns\"><div class=\"kc-elm kc-css-738952 kc_col-sm-12 kc_column kc_col-sm-12\"><div class=\"kc-col-container\"><div data-kc-equalheight=\"true\" data-kc-row-action=\"true\" data-kc-equalheight-align=\"middle\" class=\"kc-elm kc-css-965090 kc_row kc_row_inner\"><div class=\"news-block-three\"><div class=\"kc-elm kc-css-929925 kc_col-sm-4 kc_column_inner kc_col-sm-4\"><div class=\"kc_wrapper kc-col-inner-container\"><div class=\"kc-elm kc-css-931253 kc_shortcode kc_single_image\">\n\n        <a rel=\"prettyPhoto\" class=\"kc-pretty-photo\" href=\"http:\/\/ingenieriacabrera.com.ar\/nuevo\/wp-content\/uploads\/2021\/03\/electrificacion_01-1-2.jpg\" title=\"\" target=\"\">\n        <img decoding=\"async\" src=\"http:\/\/ingenieriacabrera.com.ar\/nuevo\/wp-content\/uploads\/2021\/03\/electrificacion_01-1-2.jpg\" class=\"\" alt=\"\" \/>    <\/a>\n    <\/div>\n<\/div><\/div><div class=\"kc-elm kc-css-55080 kc_col-sm-8 kc_column_inner kc_col-sm-8\"><div class=\"kc_wrapper kc-col-inner-container\"><div class=\"kc-elm kc-css-68158 kc_text_block\"><\/p>\n<h3>BLINDOBARRAS (Blindo Trolley)<\/h3>\n<p>Seguridad: L\u00ednea protegida por su aislamiento externo. Primera en el mercado con banda de cierre coestrusionada.<br \/>Dilataciones: El sistema absorbe las diferencias de longitud por dilataciones en cada empalme de barras, por lo que no precisa de<br \/>juntas de dilataci\u00f3n \u201cespeciales\u201d.<br \/>Replanteamiento de l\u00ednea: Posibilidad de aumentar o disminuir longitud de l\u00ednea, a\u00f1adiendo o suprimiendo tramos modulares.<br \/>Montaje: R\u00e1pido y sencillo: un solo recorrido de montaje deja la l\u00ednea apta para el servicio.<br \/>Alimentaci\u00f3n el\u00e9ctrica: En el principio de la l\u00ednea o sobre cualquiera de las uniones entre barras (empalmes).<\/p>\n<p>\n<\/div>\n<div class=\"kc-elm kc-css-846591 theme-btn\">\n\t<a class=\"kc_button btn-style-one\" href=\"https:\/\/ingenieriacabrera.com.ar\/nuevo\/contacto\/\" target=\"_self\" title=\"Enviar consulta\" onclick=\"\">\n\t\tEnviar consulta\t<\/a>\n<\/div>\n<\/div><\/div><\/div><\/div><div data-kc-equalheight=\"true\" data-kc-row-action=\"true\" data-kc-equalheight-align=\"middle\" class=\"kc-elm kc-css-792815 kc_row kc_row_inner\"><div class=\"news-block-three\"><div class=\"kc-elm kc-css-87919 kc_col-sm-4 kc_column_inner kc_col-sm-4\"><div class=\"kc_wrapper kc-col-inner-container\"><div class=\"kc-elm kc-css-59106 kc_shortcode kc_single_image\">\n\n        <a rel=\"prettyPhoto\" class=\"kc-pretty-photo\" href=\"http:\/\/ingenieriacabrera.com.ar\/nuevo\/wp-content\/uploads\/2021\/03\/electrificacion_02.jpg\" title=\"\" target=\"\">\n        <img decoding=\"async\" src=\"http:\/\/ingenieriacabrera.com.ar\/nuevo\/wp-content\/uploads\/2021\/03\/electrificacion_02-300x156.jpg\" class=\"\" alt=\"\" \/>    <\/a>\n    <\/div>\n<\/div><\/div><div class=\"kc-elm kc-css-669921 kc_col-sm-8 kc_column_inner kc_col-sm-8\"><div class=\"kc_wrapper kc-col-inner-container\"><div class=\"kc-elm kc-css-686756 kc_text_block\"><\/p>\n<h3><strong>FESTOON<\/strong><\/h3>\n<div>\n<p>Sistema de conducci\u00f3n el\u00e9ctrica a equipos con desplazamientos que permite, mediante carros porta-cables, extender y recoger los cables conductores a lo largo de su recorrido (Sistema Festoon).<\/p>\n<p>Diferentes series en funci\u00f3n de la capacidad de carga: desde 40 Kg\/carro hasta carros para grandes cargas con rodadura por IPN. Tambi\u00e9n para instalaciones curvas.<\/p>\n<p><span class=\"moduleDesc\">\u00a0<\/span><\/p>\n<\/div>\n<p>\n<\/div>\n<div class=\"kc-elm kc-css-972248 theme-btn\">\n\t<a class=\"kc_button btn-style-one\" href=\"https:\/\/ingenieriacabrera.com.ar\/nuevo\/contacto\/\" target=\"_self\" title=\"Enviar consulta\" onclick=\"\">\n\t\tEnviar consulta\t<\/a>\n<\/div>\n<\/div><\/div><\/div><\/div><div data-kc-equalheight=\"true\" data-kc-row-action=\"true\" data-kc-equalheight-align=\"middle\" class=\"kc-elm kc-css-45955 kc_row kc_row_inner\"><div class=\"news-block-three\"><div class=\"kc-elm kc-css-829628 kc_col-sm-4 kc_column_inner kc_col-sm-4\"><div class=\"kc_wrapper kc-col-inner-container\"><div class=\"kc-elm kc-css-54465 kc_shortcode kc_single_image\">\n\n        <a rel=\"prettyPhoto\" class=\"kc-pretty-photo\" href=\"http:\/\/ingenieriacabrera.com.ar\/nuevo\/wp-content\/uploads\/2021\/03\/dispositivos_de_carga.jpg\" title=\"\" target=\"\">\n        <img decoding=\"async\" src=\"http:\/\/ingenieriacabrera.com.ar\/nuevo\/wp-content\/uploads\/2021\/03\/dispositivos_de_carga-300x156.jpg\" class=\"\" alt=\"\" \/>    <\/a>\n    <\/div>\n<\/div><\/div><div class=\"kc-elm kc-css-184279 kc_col-sm-8 kc_column_inner kc_col-sm-8\"><div class=\"kc_wrapper kc-col-inner-container\"><div class=\"kc-elm kc-css-219911 kc_text_block\"><\/p>\n<h3><strong> ENROLLADORES DE CABLE<\/strong><\/h3>\n<p>Los enrolladores est\u00e1n dise\u00f1ados para simplificar el desplazamiento y alimentaci\u00f3n de m\u00e1quinas m\u00f3viles mediante el enrollado y desenrollado de cables el\u00e9ctricos para su operaci\u00f3n en los diferentes sectores donde son requeridos.<\/p>\n<p>Se dispone de varios modelos o alternativas de enrolladores de cables, dependiendo del peso, el di\u00e1metro y largo del cable requerido; como tambi\u00e9n de las caracter\u00edsticas del \u00e1rea de trabajo y la distancia de operaci\u00f3n necesario.<\/p>\n<h3><strong>\u00a0<\/strong><\/h3>\n<p>\n<\/div>\n<div class=\"kc-elm kc-css-594330 theme-btn\">\n\t<a class=\"kc_button btn-style-one\" href=\"https:\/\/ingenieriacabrera.com.ar\/nuevo\/contacto\/\" target=\"_self\" title=\"Enviar consulta\" onclick=\"\">\n\t\tEnviar consulta\t<\/a>\n<\/div>\n<\/div><\/div><\/div><\/div><\/div><\/div><\/div><\/div><\/section><section class=\"kc-elm kc-css-313179 kc_row\"><div class=\"kc-row-container\"><div class=\"kc-wrap-columns\"><div class=\"kc-elm kc-css-258910 kc_col-sm-12 kc_column kc_col-sm-12\"><div class=\"kc-col-container\"><\/div><\/div><\/div><\/div><\/section><section class=\"kc-elm kc-css-987020 kc_row\"><div class=\"kc-row-container\"><div class=\"kc-wrap-columns\"><div class=\"kc-elm kc-css-582472 kc_col-sm-12 kc_column kc_col-sm-12\"><div class=\"kc-col-container\"><!--Product Section-->\n<section class=\"product-section alternate\">\n    <div class=\"upper-box\" style=\"background-image:url('')\">\n        <div class=\"auto-container\">\n            <h2>Desarrollamos <span class=\"theme_color\">soluciones innovadoras <\/span>para el progreso de su empresa.<br>\r\nNuestro equipo de profesionales trabaja d\u00eda a d\u00eda para mejorar su productividad.<\/h2>\n        <\/div>\n    <\/div>\n    <div class=\"auto-container\">\n        <div class=\"lower-box\">\n            <div class=\"clearfix\">\n                <!--Image Column-->\n                <div class=\"image-column col-md-6 col-sm-12 col-xs-12\">\n                    <div class=\"image\">\n                        <img decoding=\"async\" src=\"https:\/\/ingenieriacabrera.com.ar\/nuevo\/wp-content\/uploads\/2021\/03\/7-5tn.jpg\" alt=\"Footer Logo\" \/>\n                    <\/div>\n                <\/div>\n                <!--Content Column-->\n                <div class=\"content-column col-md-6 col-sm-12 col-xs-12\">\n                    <div class=\"inner-column\">\n                        <h3>Porqu\u00e9 elegirnos<\/h3>\n                        <div class=\"text\">\n                            <p>Una m\u00e1quina de elevaci\u00f3n y transporte es una m\u00e1quina de m\u00e1xima seguridad y rendimiento. <\/p>\r\n<p>Es por esto que en Ingenier\u00eda Cabrera le garantizamos la mayor calidad con la aplicaci\u00f3n de normas internacionales.\r\n\u201cIngenieria argentina, mano de obra nacional\u201d<\/p>\r\n                        <\/div>\n                        <div class=\"row clearfix\">\n                            <div class=\"column col-md-6 col-sm-6 col-xs-12\">\n                                <ul class=\"list-style-one\">\n                                                                                                            <li><span class=\"icon flaticon-tool\"><\/span>Normas de calidad<\/li>\n                                                                                                            <li><span class=\"icon flaticon-mechanic\"><\/span>Profesionales<\/li>\n                                                                                                        <\/ul>\n                            <\/div>\n                            <div class=\"column col-md-6 col-sm-6 col-xs-12\">\n                                <ul class=\"list-style-one\">\n                                                                        <li><span class=\"icon flaticon-clock-2\"><\/span>Tiempos de entrega<\/li>\n                                                                                                            <li><span class=\"icon flaticon-megaphone\"><\/span>Trayectoria<\/li>\n                                                                    <\/ul>\n                            <\/div>\n                        <\/div>\n                    <\/div>\n                <\/div>\n            <\/div>\n        <\/div>\n    <\/div>\n<\/section>\n<!--End Product Section--><\/div><\/div><\/div><\/div><\/section><section class=\"kc-elm kc-css-840631 kc_row\"><div class=\"kc-row-container\"><div class=\"kc-wrap-columns\"><div class=\"kc-elm kc-css-834086 kc_col-sm-12 kc_column kc_col-sm-12\"><div class=\"kc-col-container\"><!--Subscribe Section-->\n<section class=\"subscribe-section\">\n    <div class=\"auto-container\">\n        <div class=\"row clearfix\">\n            <div class=\"title-column col-md-6 col-sm-12 col-xs-12\">\n                <h2>Keep Up To Date<\/h2>\n                <div class=\"text\">Sign up for our newsletter and follow us on social media<\/div>\n            <\/div>\n            <div class=\"column col-md-6 col-sm-12 col-xs-12\">\n                <div class=\"subscribe-form-two\">\n                    <form method=\"get\" action=\"http:\/\/feedburner.google.com\/fb\/a\/mailverify\" accept-charset=\"utf-8\">\n                        <div class=\"form-group\">\n                            <input type=\"hidden\" id=\"uri3\" name=\"uri\" value=\"themeforest\">\n                            <input type=\"email\" name=\"email\" value=\"\" placeholder=\"Your email address\" required>\n                            <button type=\"submit\" class=\"theme-btn\">Subscribe<\/button>\n                        <\/div>\n                    <\/form>\n                <\/div>\n            <\/div>\n        <\/div>\n    <\/div>\n<\/section>\n<!--End Subscribe Section--><\/div><\/div><\/div><\/div><\/section><\/p>\n","protected":false},"excerpt":{"rendered":"","protected":false},"author":1,"featured_media":0,"parent":0,"menu_order":0,"comment_status":"closed","ping_status":"closed","template":"tpl-king_composer.php","meta":{"footnotes":""},"class_list":["post-1507","page","type-page","status-publish","hentry"],"_links":{"self":[{"href":"http:\/\/ingenieriacabrera.com.ar\/nuevo\/wp-json\/wp\/v2\/pages\/1507","targetHints":{"allow":["GET"]}}],"collection":[{"href":"http:\/\/ingenieriacabrera.com.ar\/nuevo\/wp-json\/wp\/v2\/pages"}],"about":[{"href":"http:\/\/ingenieriacabrera.com.ar\/nuevo\/wp-json\/wp\/v2\/types\/page"}],"author":[{"embeddable":true,"href":"http:\/\/ingenieriacabrera.com.ar\/nuevo\/wp-json\/wp\/v2\/users\/1"}],"replies":[{"embeddable":true,"href":"http:\/\/ingenieriacabrera.com.ar\/nuevo\/wp-json\/wp\/v2\/comments?post=1507"}],"version-history":[{"count":17,"href":"http:\/\/ingenieriacabrera.com.ar\/nuevo\/wp-json\/wp\/v2\/pages\/1507\/revisions"}],"predecessor-version":[{"id":1713,"href":"http:\/\/ingenieriacabrera.com.ar\/nuevo\/wp-json\/wp\/v2\/pages\/1507\/revisions\/1713"}],"wp:attachment":[{"href":"http:\/\/ingenieriacabrera.com.ar\/nuevo\/wp-json\/wp\/v2\/media?parent=1507"}],"curies":[{"name":"wp","href":"https:\/\/api.w.org\/{rel}","templated":true}]}}