{"id":1542,"date":"2021-03-14T14:15:02","date_gmt":"2021-03-14T17:15:02","guid":{"rendered":"http:\/\/ingenieriacabrera.com.ar\/nuevo\/?page_id=1542"},"modified":"2021-03-15T11:39:26","modified_gmt":"2021-03-15T14:39:26","slug":"detector-anticolicion","status":"publish","type":"page","link":"https:\/\/ingenieriacabrera.com.ar\/nuevo\/detector-anticolicion\/","title":{"rendered":"Detector Anticolici\u00f3n"},"content":{"rendered":"<!-- Added by Post\/Page Specific Custom Code plugin, thank you for using! -->\n<style>.work-section::before {\r\n    content: '';\r\n    position: absolute;\r\n    background-color: rgba(0,0,0,0.6);\r\n    left: 0px;\r\n    top: 0px;\r\n    width: 100%;\r\n    height: 100%;\r\n}\r\n\r\n.page-breadcrumb{\r\n    display: none;\r\n}<\/style>\n<p><section class=\"kc-elm kc-css-323683 kc_row\"><div class=\"kc-row-container\"><div class=\"kc-wrap-columns\"><div class=\"kc-elm kc-css-95431 kc_col-sm-12 kc_column kc_col-sm-12\"><div class=\"kc-col-container\"><\/div><\/div><\/div><\/div><\/section><section class=\"kc-elm kc-css-600156 kc_row\"><div class=\"kc-row-container\"><div class=\"kc-wrap-columns\"><div class=\"kc-elm kc-css-297076 kc_col-sm-12 kc_column kc_col-sm-12\"><div class=\"kc-col-container\"><div data-kc-equalheight=\"true\" data-kc-row-action=\"true\" data-kc-equalheight-align=\"middle\" class=\"kc-elm kc-css-728471 kc_row kc_row_inner\"><div class=\"news-block-three\"><div class=\"kc-elm kc-css-504094 kc_col-sm-4 kc_column_inner kc_col-sm-4\"><div class=\"kc_wrapper kc-col-inner-container\"><div class=\"kc-elm kc-css-732432 kc_shortcode kc_single_image\">\n\n        <a rel=\"prettyPhoto\" class=\"kc-pretty-photo\" href=\"https:\/\/ingenieriacabrera.com.ar\/nuevo\/wp-content\/uploads\/2021\/03\/detector_anticolision.jpg\" title=\"\" target=\"\">\n        <img decoding=\"async\" src=\"https:\/\/ingenieriacabrera.com.ar\/nuevo\/wp-content\/uploads\/2021\/03\/detector_anticolision.jpg\" class=\"\" alt=\"\" \/>    <\/a>\n    <\/div>\n<\/div><\/div><div class=\"kc-elm kc-css-760869 kc_col-sm-8 kc_column_inner kc_col-sm-8\"><div class=\"kc_wrapper kc-col-inner-container\"><div class=\"kc-elm kc-css-257792 kc_text_block\"><\/p>\n<h3><strong>DETECTOR ANTICOLISI\u00d3N<\/strong><\/h3>\n<div>\n<p>Detector fotoel\u00e9ctrico de proximidad tipo reflex, especialmente indicado para gr\u00faas que circulan en el mismo camino de rodadura.<br \/>Ante una aproximaci\u00f3n riesgosa, detiene la marcha de la gr\u00faa evitando la colisi\u00f3n con la otra, disminuyendo el riesgo de accidentes y eventuales desperfectos en los equipos.<br \/>La distancia de aproximaci\u00f3n permitida es f\u00e1cilmente regulable hasta 4 mts aproximadamente.<\/p>\n<p><span class=\"moduleDesc\">\u00a0<\/span><\/p>\n<\/div>\n<p>\n<\/div>\n<div class=\"kc-elm kc-css-321395 theme-btn\">\n\t<a class=\"kc_button btn-style-one\" href=\"https:\/\/ingenieriacabrera.com.ar\/nuevo\/contacto\/\" target=\"_self\" title=\"Enviar consulta\" onclick=\"\">\n\t\tEnviar consulta\t<\/a>\n<\/div>\n<\/div><\/div><\/div><\/div><\/div><\/div><\/div><\/div><\/section><section class=\"kc-elm kc-css-770866 kc_row\"><div class=\"kc-row-container\"><div class=\"kc-wrap-columns\"><div class=\"kc-elm kc-css-349290 kc_col-sm-12 kc_column kc_col-sm-12\"><div class=\"kc-col-container\"><!--Counter Section-->\n<section class=\"counter-section\" style=\"background-image:url('http:\/\/expert-themes.com\/wp\/global-industry\/wp-content\/uploads\/2018\/06\/3.jpg')\"\">\n    <div class=\"auto-container\">\n        <div class=\"row clearfix\">\n            \n            <!--Counter Column-->\n            <div class=\"counter-main-column col-md-8 col-sm-12 col-xs-12\">\n                <div class=\"inner-column\">\n                    \n                    <div class=\"fact-counter\">\n            \n                        <div class=\"row clearfix\">\n                        \t                            <!--Column-->\n                            <div class=\"column counter-column col-md-4 col-sm-4 col-xs-12\">\n                                <div class=\"inner\">\n                                    <div class=\"count-outer count-box\">\n                                        <span class=\"count-text\" data-speed=\"3500\" data-stop=\"1200\">0<\/span>+                                    <\/div>\n                                    <h4 class=\"counter-title\">Proyectos realizados<\/h4>\n                                <\/div>\n                            <\/div>\n                    \t\t                            <!--Column-->\n                            <div class=\"column counter-column col-md-4 col-sm-4 col-xs-12\">\n                                <div class=\"inner\">\n                                    <div class=\"count-outer count-box\">\n                                        <span class=\"count-text\" data-speed=\"3500\" data-stop=\"800\">0<\/span>+                                    <\/div>\n                                    <h4 class=\"counter-title\">Clientes satisfechos<\/h4>\n                                <\/div>\n                            <\/div>\n                    \t\t                            <!--Column-->\n                            <div class=\"column counter-column col-md-4 col-sm-4 col-xs-12\">\n                                <div class=\"inner\">\n                                    <div class=\"count-outer count-box\">\n                                        <span class=\"count-text\" data-speed=\"3500\" data-stop=\"100\">0<\/span>%                                    <\/div>\n                                    <h4 class=\"counter-title\">Env\u00edo a todo el pa\u00eds y lim\u00edtrofes<\/h4>\n                                <\/div>\n                            <\/div>\n                    \t\t                        <\/div>\n                        \n                    <\/div>\n                    \n                <\/div>\n            <\/div>\n            <!--Image Column-->\n            <div class=\"image-column col-md-4 col-sm-12 col-xs-12\">\n                <div class=\"image\">\n                    <img decoding=\"async\" src=\"https:\/\/ingenieriacabrera.com.ar\/nuevo\/wp-content\/uploads\/2021\/03\/elicoptero.jpg\" alt=\"Fun Fact Image\" \/>\n                <\/div>\n            <\/div>\n            \n        <\/div>\n    <\/div>\n<\/section>\n<!--End Counter Section--><\/div><\/div><\/div><\/div><\/section><section class=\"kc-elm kc-css-10187 kc_row\"><div class=\"kc-row-container\"><div class=\"kc-wrap-columns\"><div class=\"kc-elm kc-css-608916 kc_col-sm-12 kc_column kc_col-sm-12\"><div class=\"kc-col-container\"><!--Product Section-->\n<section class=\"product-section alternate\">\n    <div class=\"upper-box\" style=\"background-image:url('')\">\n        <div class=\"auto-container\">\n            <h2>Desarrollamos <span class=\"theme_color\">soluciones innovadoras <\/span>para el progreso de su empresa.<br>\r\nNuestro equipo de profesionales trabaja d\u00eda a d\u00eda para mejorar su productividad.<\/h2>\n        <\/div>\n    <\/div>\n    <div class=\"auto-container\">\n        <div class=\"lower-box\">\n            <div class=\"clearfix\">\n                <!--Image Column-->\n                <div class=\"image-column col-md-6 col-sm-12 col-xs-12\">\n                    <div class=\"image\">\n                        <img decoding=\"async\" src=\"https:\/\/ingenieriacabrera.com.ar\/nuevo\/wp-content\/uploads\/2021\/03\/7-5tn.jpg\" alt=\"Footer Logo\" \/>\n                    <\/div>\n                <\/div>\n                <!--Content Column-->\n                <div class=\"content-column col-md-6 col-sm-12 col-xs-12\">\n                    <div class=\"inner-column\">\n                        <h3>Porqu\u00e9 elegirnos<\/h3>\n                        <div class=\"text\">\n                            <p>Una m\u00e1quina de elevaci\u00f3n y transporte es una m\u00e1quina de m\u00e1xima seguridad y rendimiento. <\/p>\r\n<p>Es por esto que en Ingenier\u00eda Cabrera le garantizamos la mayor calidad con la aplicaci\u00f3n de normas internacionales.\r\n\u201cIngenieria argentina, mano de obra nacional\u201d<\/p>\r\n                        <\/div>\n                        <div class=\"row clearfix\">\n                            <div class=\"column col-md-6 col-sm-6 col-xs-12\">\n                                <ul class=\"list-style-one\">\n                                                                                                            <li><span class=\"icon flaticon-tool\"><\/span>Normas de calidad<\/li>\n                                                                                                            <li><span class=\"icon flaticon-mechanic\"><\/span>Profesionales<\/li>\n                                                                                                        <\/ul>\n                            <\/div>\n                            <div class=\"column col-md-6 col-sm-6 col-xs-12\">\n                                <ul class=\"list-style-one\">\n                                                                        <li><span class=\"icon flaticon-clock-2\"><\/span>Tiempos de entrega<\/li>\n                                                                                                            <li><span class=\"icon flaticon-megaphone\"><\/span>Trayectoria<\/li>\n                                                                    <\/ul>\n                            <\/div>\n                        <\/div>\n                    <\/div>\n                <\/div>\n            <\/div>\n        <\/div>\n    <\/div>\n<\/section>\n<!--End Product Section--><\/div><\/div><\/div><\/div><\/section><section class=\"kc-elm kc-css-575851 kc_row\"><div class=\"kc-row-container\"><div class=\"kc-wrap-columns\"><div class=\"kc-elm kc-css-871447 kc_col-sm-12 kc_column kc_col-sm-12\"><div class=\"kc-col-container\"><!--Subscribe Section-->\n<section class=\"subscribe-section\">\n    <div class=\"auto-container\">\n        <div class=\"row clearfix\">\n            <div class=\"title-column col-md-6 col-sm-12 col-xs-12\">\n                <h2>Keep Up To Date<\/h2>\n                <div class=\"text\">Sign up for our newsletter and follow us on social media<\/div>\n            <\/div>\n            <div class=\"column col-md-6 col-sm-12 col-xs-12\">\n                <div class=\"subscribe-form-two\">\n                    <form method=\"get\" action=\"http:\/\/feedburner.google.com\/fb\/a\/mailverify\" accept-charset=\"utf-8\">\n                        <div class=\"form-group\">\n                            <input type=\"hidden\" id=\"uri3\" name=\"uri\" value=\"themeforest\">\n                            <input type=\"email\" name=\"email\" value=\"\" placeholder=\"Your email address\" required>\n                            <button type=\"submit\" class=\"theme-btn\">Subscribe<\/button>\n                        <\/div>\n                    <\/form>\n                <\/div>\n            <\/div>\n        <\/div>\n    <\/div>\n<\/section>\n<!--End Subscribe Section--><\/div><\/div><\/div><\/div><\/section><\/p>\n","protected":false},"excerpt":{"rendered":"","protected":false},"author":1,"featured_media":0,"parent":0,"menu_order":0,"comment_status":"closed","ping_status":"closed","template":"tpl-king_composer.php","meta":{"footnotes":""},"class_list":["post-1542","page","type-page","status-publish","hentry"],"_links":{"self":[{"href":"https:\/\/ingenieriacabrera.com.ar\/nuevo\/wp-json\/wp\/v2\/pages\/1542","targetHints":{"allow":["GET"]}}],"collection":[{"href":"https:\/\/ingenieriacabrera.com.ar\/nuevo\/wp-json\/wp\/v2\/pages"}],"about":[{"href":"https:\/\/ingenieriacabrera.com.ar\/nuevo\/wp-json\/wp\/v2\/types\/page"}],"author":[{"embeddable":true,"href":"https:\/\/ingenieriacabrera.com.ar\/nuevo\/wp-json\/wp\/v2\/users\/1"}],"replies":[{"embeddable":true,"href":"https:\/\/ingenieriacabrera.com.ar\/nuevo\/wp-json\/wp\/v2\/comments?post=1542"}],"version-history":[{"count":3,"href":"https:\/\/ingenieriacabrera.com.ar\/nuevo\/wp-json\/wp\/v2\/pages\/1542\/revisions"}],"predecessor-version":[{"id":1605,"href":"https:\/\/ingenieriacabrera.com.ar\/nuevo\/wp-json\/wp\/v2\/pages\/1542\/revisions\/1605"}],"wp:attachment":[{"href":"https:\/\/ingenieriacabrera.com.ar\/nuevo\/wp-json\/wp\/v2\/media?parent=1542"}],"curies":[{"name":"wp","href":"https:\/\/api.w.org\/{rel}","templated":true}]}}